{"id":446,"date":"2023-10-19T20:17:30","date_gmt":"2023-10-19T18:17:30","guid":{"rendered":"https:\/\/aguilarpsicologos.com\/?page_id=446"},"modified":"2024-01-24T19:01:44","modified_gmt":"2024-01-24T18:01:44","slug":"personalidad","status":"publish","type":"page","link":"https:\/\/aguilarpsicologos.com\/index.php\/style-guide\/personalidad\/","title":{"rendered":"PERSONALIDAD"},"content":{"rendered":"\n<p><\/p>\n\n\n\n<p>La personalidad es la forma de sentir, pensar y comportarnos que nos hace \u00fanicos y nos diferencia de los dem\u00e1s. Est\u00e1 formada por una serie de rasgos y procesos psicol\u00f3gicos que determinan como nos comportamos en cada situaci\u00f3n.<\/p>\n\n\n\n<p>La personalidad tiene un componente gen\u00e9tico, heredado, que llamamos <strong>temperamento o estructura <\/strong>y otro componente que vamos formando a lo largo de los a\u00f1os, debido al aprendizaje seg\u00fan las situaciones y las interpretaciones que hacemos de lo que nos va pasando en la vida, que es el <strong>car\u00e1cter o proceso<\/strong>.<\/p>\n\n\n\n<p>Cuando describimos a una persona diciendo que es, por ejemplo, extrovertida (tipo), est\u00e1 cumpliendo con una serie de rasgos como es: gusto por socializar, ser una persona habladora, etc. Esto ser\u00eda el temperamento (estructura).<\/p>\n\n\n\n<p>El car\u00e1cter o proceso, se refiere a conceptos como la cognici\u00f3n, motivaci\u00f3n o el estado afectivo, que van a influir en la conducta y es la forma de comportarse seg\u00fan con quien estas o la situaci\u00f3n. As\u00ed mientras unos padres pueden describir a un hijo como serio e introvertido, sus amigos pueden pensar lo contrario.<\/p>\n\n\n\n<p>La personalidad es permeable a las circunstancias que acompa\u00f1an nuestro desarrollo y cambia ciertamente a lo largo de la vida; Estos cambios suelen ser <strong>peque\u00f1os y graduales<\/strong> por lo que se mantiene la sensaci\u00f3n de que la personalidad es mas estable de lo que realmente es.<\/p>\n\n\n\n<p>Los problemas de personalidad est\u00e1n relacionados con la capacidad de adaptarnos y relacionarnos con el entorno. <\/p>\n\n\n\n<p>Autor: Jose Manuel Aguilar Melchor<\/p>\n","protected":false},"excerpt":{"rendered":"<p>La personalidad es la forma de sentir, pensar y comportarnos que nos hace \u00fanicos y nos diferencia de los dem\u00e1s. Est\u00e1 formada por una serie de rasgos y procesos psicol\u00f3gicos que determinan como nos comportamos en cada situaci\u00f3n. La personalidad tiene un componente gen\u00e9tico, heredado, que llamamos temperamento o estructura y otro componente que vamos &hellip; <\/p>\n","protected":false},"author":1,"featured_media":0,"parent":206,"menu_order":0,"comment_status":"closed","ping_status":"closed","template":"","meta":{"footnotes":""},"class_list":["post-446","page","type-page","status-publish","hentry"],"_links":{"self":[{"href":"https:\/\/aguilarpsicologos.com\/index.php\/wp-json\/wp\/v2\/pages\/446","targetHints":{"allow":["GET"]}}],"collection":[{"href":"https:\/\/aguilarpsicologos.com\/index.php\/wp-json\/wp\/v2\/pages"}],"about":[{"href":"https:\/\/aguilarpsicologos.com\/index.php\/wp-json\/wp\/v2\/types\/page"}],"author":[{"embeddable":true,"href":"https:\/\/aguilarpsicologos.com\/index.php\/wp-json\/wp\/v2\/users\/1"}],"replies":[{"embeddable":true,"href":"https:\/\/aguilarpsicologos.com\/index.php\/wp-json\/wp\/v2\/comments?post=446"}],"version-history":[{"count":4,"href":"https:\/\/aguilarpsicologos.com\/index.php\/wp-json\/wp\/v2\/pages\/446\/revisions"}],"predecessor-version":[{"id":602,"href":"https:\/\/aguilarpsicologos.com\/index.php\/wp-json\/wp\/v2\/pages\/446\/revisions\/602"}],"up":[{"embeddable":true,"href":"https:\/\/aguilarpsicologos.com\/index.php\/wp-json\/wp\/v2\/pages\/206"}],"wp:attachment":[{"href":"https:\/\/aguilarpsicologos.com\/index.php\/wp-json\/wp\/v2\/media?parent=446"}],"curies":[{"name":"wp","href":"https:\/\/api.w.org\/{rel}","templated":true}]}}