{"id":444,"date":"2023-10-19T20:17:01","date_gmt":"2023-10-19T18:17:01","guid":{"rendered":"https:\/\/aguilarpsicologos.com\/?page_id=444"},"modified":"2024-01-19T10:27:34","modified_gmt":"2024-01-19T09:27:34","slug":"proceso-de-duelo","status":"publish","type":"page","link":"https:\/\/aguilarpsicologos.com\/index.php\/style-guide\/proceso-de-duelo\/","title":{"rendered":"PROCESO DE DUELO"},"content":{"rendered":"\n<p>El duelo es un proceso natural que todo ser humano va a experimentar en alg\u00fan momento de su vida, las caracter\u00edsticas individuales de cada persona, pueden influir a la hora de superar este proceso, incluso en algunos casos puede desarrollarse un duelo patol\u00f3gico.<\/p>\n\n\n\n<p>El duelo es una respuesta emocional que se produce ante la p\u00e9rdida de una persona, un animal o una cosa con la que se hab\u00eda establecido un vinculo afectivo. El duelo no es una enfermedad es el proceso de adaptaci\u00f3n que conlleva la perdida.<\/p>\n\n\n\n<p>Los diferentes tipos de perdida, se pueden clasificar en cuatro grupos:<\/p>\n\n\n\n<ul class=\"wp-block-list\">\n<li>P\u00e9rdidas relacionales: como el fallecimiento de un ser querido o el fin de relaciones, como una separaci\u00f3n o divorcio.<\/li>\n\n\n\n<li>P\u00e9rdidas evolutivas: los cambios en las distintas etapas de la vida, conllevan diferentes p\u00e9rdidas, por ejemplo, en la jubilaci\u00f3n cuando se llega a la tercera edad.<\/li>\n\n\n\n<li>P\u00e9rdidas intrapersonales: como pueden ser las capacidades f\u00edsicas o intelectuales.<\/li>\n\n\n\n<li>P\u00e9rdidas materiales: cuando perdemos posesiones, objetos.<\/li>\n<\/ul>\n\n\n\n<p>El duelo se ha clasificado en distintas fases, son patrones generales de respuesta a la p\u00e9rdida. Cada persona experimenta el proceso de forma distinta seg\u00fan sus circunstancias personales. Hay personas que no pasas por estas fases o no siguen el mismo orden en las etapas.<\/p>\n\n\n\n<p>Los s\u00edntomas que suelen aparecer con m\u00e1s frecuencia son:<\/p>\n\n\n\n<p><strong>Cognitivos<\/strong> como incredulidad, confusi\u00f3n, preocupaci\u00f3n.<\/p>\n\n\n\n<p><strong>Emocionales<\/strong> como la tristeza, enfado, culpa, soledad, fatiga, apat\u00eda, a\u00f1oranza.<\/p>\n\n\n\n<p><strong>Conductuales<\/strong>. Insomnio, distracci\u00f3n, problemas de alimentaci\u00f3n, aislamiento social.<\/p>\n\n\n\n<p><strong>S\u00edntomas org\u00e1nicos<\/strong>: opresi\u00f3n en el pecho, vac\u00edo en el est\u00f3mago, falta de aire, de energ\u00eda, sequedad en la boca.<\/p>\n\n\n\n<p>Debido a que el duelo es un proceso natural, en muchos casos no es necesario un tratamiento Psicol\u00f3gico. Sin embargo, cuando la persona sienta o no disponga de recursos suficientes para afrontar la perdida es conveniente ayuda para no prolongarlo demasiado y desarrollar un duelo complicado.<\/p>\n\n\n\n<p>Autor: Jose Manuel Aguilar Melchor. Psic\u00f3logo Sanitario.<\/p>\n","protected":false},"excerpt":{"rendered":"<p>El duelo es un proceso natural que todo ser humano va a experimentar en alg\u00fan momento de su vida, las caracter\u00edsticas individuales de cada persona, pueden influir a la hora de superar este proceso, incluso en algunos casos puede desarrollarse un duelo patol\u00f3gico. El duelo es una respuesta emocional que se produce ante la p\u00e9rdida &hellip; <\/p>\n","protected":false},"author":1,"featured_media":518,"parent":206,"menu_order":0,"comment_status":"closed","ping_status":"closed","template":"","meta":{"footnotes":""},"class_list":["post-444","page","type-page","status-publish","has-post-thumbnail","hentry"],"_links":{"self":[{"href":"https:\/\/aguilarpsicologos.com\/index.php\/wp-json\/wp\/v2\/pages\/444","targetHints":{"allow":["GET"]}}],"collection":[{"href":"https:\/\/aguilarpsicologos.com\/index.php\/wp-json\/wp\/v2\/pages"}],"about":[{"href":"https:\/\/aguilarpsicologos.com\/index.php\/wp-json\/wp\/v2\/types\/page"}],"author":[{"embeddable":true,"href":"https:\/\/aguilarpsicologos.com\/index.php\/wp-json\/wp\/v2\/users\/1"}],"replies":[{"embeddable":true,"href":"https:\/\/aguilarpsicologos.com\/index.php\/wp-json\/wp\/v2\/comments?post=444"}],"version-history":[{"count":5,"href":"https:\/\/aguilarpsicologos.com\/index.php\/wp-json\/wp\/v2\/pages\/444\/revisions"}],"predecessor-version":[{"id":595,"href":"https:\/\/aguilarpsicologos.com\/index.php\/wp-json\/wp\/v2\/pages\/444\/revisions\/595"}],"up":[{"embeddable":true,"href":"https:\/\/aguilarpsicologos.com\/index.php\/wp-json\/wp\/v2\/pages\/206"}],"wp:featuredmedia":[{"embeddable":true,"href":"https:\/\/aguilarpsicologos.com\/index.php\/wp-json\/wp\/v2\/media\/518"}],"wp:attachment":[{"href":"https:\/\/aguilarpsicologos.com\/index.php\/wp-json\/wp\/v2\/media?parent=444"}],"curies":[{"name":"wp","href":"https:\/\/api.w.org\/{rel}","templated":true}]}}